{"id":2,"date":"2023-09-12T09:17:39","date_gmt":"2023-09-12T09:17:39","guid":{"rendered":"https:\/\/nouvelleclinique.com\/?page_id=2"},"modified":"2026-03-11T06:45:09","modified_gmt":"2026-03-11T06:45:09","slug":"home","status":"publish","type":"page","link":"https:\/\/www.nouvelleclinique.com\/fr\/","title":{"rendered":"Accueil"},"content":{"rendered":"<figure class=\"wp-block-image size-full\"><img loading=\"lazy\" decoding=\"async\" width=\"1920\" height=\"1280\" src=\"https:\/\/nouvelleclinique.com\/wp-content\/uploads\/Man-in-Gray-T-Shirt-Smiling.webp\" class=\"wp-image-1823\" srcset=\"https:\/\/www.nouvelleclinique.com\/wp-content\/uploads\/Man-in-Gray-T-Shirt-Smiling.webp 1920w, https:\/\/www.nouvelleclinique.com\/wp-content\/uploads\/.\/Man-in-Gray-T-Shirt-Smiling-1200.webp 1200w, https:\/\/www.nouvelleclinique.com\/wp-content\/uploads\/.\/Man-in-Gray-T-Shirt-Smiling-600.webp 600w, https:\/\/www.nouvelleclinique.com\/wp-content\/uploads\/.\/Man-in-Gray-T-Shirt-Smiling-300.webp 300w, https:\/\/www.nouvelleclinique.com\/wp-content\/uploads\/.\/Man-in-Gray-T-Shirt-Smiling-150x150.webp 150w\" sizes=\"auto, (max-width: 1920px) 100vw, 1920px\" \/><\/figure>\n\n<div class=\"wp-block-buttons is-layout-flex wp-block-buttons-is-layout-flex\"><div class=\"wp-block-button\"><a class=\"wp-block-button__link\">Planifier une consultation<\/a><\/div><\/div>\n\n<div class=\"wp-block-buttons is-layout-flex wp-block-buttons-is-layout-flex\"><div class=\"wp-block-button\"><a class=\"wp-block-button__link\">Voir nos r\u00e9sultats<\/a><\/div><\/div>\n\n<h1 class=\"wp-block-heading\">Best Hair Transplant Clinic in Albania for Men &#038; Women<\/h1>\n\nD\u00e9couvrez une approche de la restauration capillaire qui change la vie gr\u00e2ce \u00e0 nos techniques de pointe, nos sp\u00e9cialistes exp\u00e9riment\u00e9s et nos soins personnalis\u00e9s. Retrouvez votre confiance en vous gr\u00e2ce \u00e0 des r\u00e9sultats d'apparence naturelle.\n\n<h3 class=\"wp-block-heading\">\u00c9quipe d'experts<\/h3>\n\nSp\u00e9cialistes ayant re\u00e7u une formation internationale\n\n<figure class=\"wp-block-image size-full\"><img loading=\"lazy\" decoding=\"async\" width=\"1038\" height=\"541\" src=\"https:\/\/nouvelleclinique.com\/wp-content\/uploads\/75138970890.webp\" class=\"wp-image-2090\" srcset=\"https:\/\/www.nouvelleclinique.com\/wp-content\/uploads\/75138970890.webp 1038w, https:\/\/www.nouvelleclinique.com\/wp-content\/uploads\/.\/75138970890-1200.webp 1200w, https:\/\/www.nouvelleclinique.com\/wp-content\/uploads\/.\/75138970890-600.webp 600w, https:\/\/www.nouvelleclinique.com\/wp-content\/uploads\/.\/75138970890-300.webp 300w, https:\/\/www.nouvelleclinique.com\/wp-content\/uploads\/.\/75138970890-150x150.webp 150w\" sizes=\"auto, (max-width: 1038px) 100vw, 1038px\" \/><\/figure>\n\n<h2 class=\"wp-block-heading\">\u00c0 propos de nous<\/h2>\n\nAt Nouvelle Clinique, we are dedicated to providing the highest quality hair restoration treatments customized to each patient&#8217;s unique needs. Our clinic combines advanced technology with artistry and medical expertise.<br><br>Fond\u00e9e par une \u00e9quipe de sp\u00e9cialistes ayant plus de 15 ans d'exp\u00e9rience, nous comprenons l'impact \u00e9motionnel de la perte de cheveux et nous nous engageons \u00e0 aider nos patients \u00e0 retrouver non seulement leurs cheveux, mais aussi leur confiance en eux.\n\n<h3 class=\"wp-block-heading\">Une installation moderne<\/h3>\n\nClinique de pointe en Albanie\n\n<h3 class=\"wp-block-heading\">Techniques avanc\u00e9es<\/h3>\n\nLes proc\u00e9dures les plus r\u00e9centes pour des r\u00e9sultats naturels\n\n<h3 class=\"wp-block-heading\">Soins personnalis\u00e9s<\/h3>\n\nPlans de traitement sur mesure\n\n<h2 class=\"wp-block-heading\">Notre approche<\/h2>\n\n<p>Nous croyons en une approche holistique de la restauration capillaire qui va au-del\u00e0 de la proc\u00e9dure elle-m\u00eame. Notre philosophie de traitement est fond\u00e9e sur la compr\u00e9hension de vos besoins uniques, la conception d'un plan personnalis\u00e9 et la fourniture de soins complets tout au long de votre parcours.<\/p>\n\n<h3 class=\"wp-block-heading\">\u00c9valuation compl\u00e8te<\/h3>\n\nNos sp\u00e9cialistes proc\u00e8dent \u00e0 une analyse approfondie de votre sch\u00e9ma de perte de cheveux, de l'\u00e9tat de votre cuir chevelu et de vos ant\u00e9c\u00e9dents m\u00e9dicaux afin de d\u00e9terminer l'approche th\u00e9rapeutique la plus efficace.\n\n<h3 class=\"wp-block-heading\">Ex\u00e9cution de pr\u00e9cision<\/h3>\n\nEn utilisant des techniques et des \u00e9quipements de pointe, notre \u00e9quipe r\u00e9alise l'intervention avec une attention m\u00e9ticuleuse aux d\u00e9tails pour une survie optimale des greffons et des r\u00e9sultats naturels.\n\n<h3 class=\"wp-block-heading\">Planification personnalis\u00e9e<\/h3>\n\nNous cr\u00e9ons un plan de traitement personnalis\u00e9 adapt\u00e9 \u00e0 vos besoins sp\u00e9cifiques, en tenant compte de facteurs tels que la densit\u00e9 des cheveux, la forme de la ligne capillaire et les objectifs \u00e0 long terme.\n\n<h2 class=\"wp-block-heading\">Solutions avanc\u00e9es de restauration capillaire<\/h2>\n\nOUR TREATMENTS\n\nWe offer cutting-edge treatments tailored to your specific needs, ensuring the best possible results for your hair restoration journey.\n\n\n\n\n\n<h3 class=\"wp-block-heading\">{post_title}<\/h3>\n\n<div class=\"wp-block-buttons is-layout-flex wp-block-buttons-is-layout-flex\"><div class=\"wp-block-button\"><a class=\"wp-block-button__link\">En savoir plus<\/a><\/div><\/div>\n\n{post_excerpt:9}\n\n\n\n<h3 class=\"wp-block-heading\">Consultation gratuite<\/h3>\n\n<p>Rencontrez nos sp\u00e9cialistes pour une \u00e9valuation personnalis\u00e9e et un plan de traitement adapt\u00e9 \u00e0 vos besoins.<\/p>\n\nThorough hair and scalp analysis\n\nYOUR TRANSFORMATION PROCESS\n\n<h2 class=\"wp-block-heading\">Le parcours de la restauration capillaire<\/h2>\n\nNotre \u00e9quipe multilingue assure une communication claire \u00e0 tout moment lors de votre visite. De votre consultation initiale \u00e0 vos soins postop\u00e9ratoires, notre objectif est de vous assurer une exp\u00e9rience confortable et sans stress. Avec une approche ax\u00e9e sur le patient et des technologies avanc\u00e9es, nous sommes le meilleur choix pour une greffe de cheveux de haute qualit\u00e9 \u00e0 un co\u00fbt abordable.\n\n<figure class=\"wp-block-image size-full\"><img loading=\"lazy\" decoding=\"async\" width=\"908\" height=\"702\" src=\"https:\/\/nouvelleclinique.com\/wp-content\/uploads\/2024\/05\/what-to-expect-img.webp\" class=\"wp-image-1102\" srcset=\"https:\/\/www.nouvelleclinique.com\/wp-content\/uploads\/2024\/05\/what-to-expect-img.webp 908w, https:\/\/www.nouvelleclinique.com\/wp-content\/uploads\/2024\/05\/what-to-expect-img-1200.webp 1200w, https:\/\/www.nouvelleclinique.com\/wp-content\/uploads\/2024\/05\/what-to-expect-img-600.webp 600w, https:\/\/www.nouvelleclinique.com\/wp-content\/uploads\/2024\/05\/what-to-expect-img-300.webp 300w, https:\/\/www.nouvelleclinique.com\/wp-content\/uploads\/2024\/05\/what-to-expect-img-150x150.webp 150w\" sizes=\"auto, (max-width: 908px) 100vw, 908px\" \/><\/figure>\n\nOptions de traitement personnalis\u00e9es\n\n<h3 class=\"wp-block-heading\">Recovery &#038; Results<\/h3>\n\n<p>Suivez notre programme de soins complet et observez la progression de la croissance naturelle de vos cheveux.<\/p>\n\nDetailed aftercare instructions\n\nFollow-up appointments to track progress\n\n<figure class=\"wp-block-image size-full\"><img loading=\"lazy\" decoding=\"async\" width=\"960\" height=\"500\" src=\"https:\/\/nouvelleclinique.com\/wp-content\/uploads\/2024\/05\/about-us-main-img.webp\" class=\"wp-image-1105\" srcset=\"https:\/\/www.nouvelleclinique.com\/wp-content\/uploads\/2024\/05\/about-us-main-img.webp 960w, https:\/\/www.nouvelleclinique.com\/wp-content\/uploads\/2024\/05\/about-us-main-img-1200.webp 1200w, https:\/\/www.nouvelleclinique.com\/wp-content\/uploads\/2024\/05\/about-us-main-img-600.webp 600w, https:\/\/www.nouvelleclinique.com\/wp-content\/uploads\/2024\/05\/about-us-main-img-300.webp 300w, https:\/\/www.nouvelleclinique.com\/wp-content\/uploads\/2024\/05\/about-us-main-img-150x150.webp 150w\" sizes=\"auto, (max-width: 960px) 100vw, 960px\" \/><\/figure>\n\n<h3 class=\"wp-block-heading\">Journ\u00e9e de traitement<\/h3>\n\n<p>Faites l'exp\u00e9rience d'une proc\u00e9dure confortable dans notre \u00e9tablissement ultramoderne avec notre \u00e9quipe m\u00e9dicale experte.<\/p>\n\nMedical evaluation and approval\n\nComfortable environment with sedation\n\n<figure class=\"wp-block-image size-full\"><img loading=\"lazy\" decoding=\"async\" width=\"960\" height=\"500\" src=\"https:\/\/nouvelleclinique.com\/wp-content\/uploads\/2024\/05\/about-us-main-img-1.webp\" class=\"wp-image-1104\" srcset=\"https:\/\/www.nouvelleclinique.com\/wp-content\/uploads\/2024\/05\/about-us-main-img-1.webp 960w, https:\/\/www.nouvelleclinique.com\/wp-content\/uploads\/2024\/05\/about-us-main-img-1-1200.webp 1200w, https:\/\/www.nouvelleclinique.com\/wp-content\/uploads\/2024\/05\/about-us-main-img-1-600.webp 600w, https:\/\/www.nouvelleclinique.com\/wp-content\/uploads\/2024\/05\/about-us-main-img-1-300.webp 300w, https:\/\/www.nouvelleclinique.com\/wp-content\/uploads\/2024\/05\/about-us-main-img-1-150x150.webp 150w\" sizes=\"auto, (max-width: 960px) 100vw, 960px\" \/><\/figure>\n\nDetailed pre-procedure guidelines\n\nMinimally invasive techniques\n\n<h2 class=\"wp-block-heading\">Des r\u00e9sultats transformateurs<\/h2>\n\nGr\u00e2ce \u00e0 nos techniques avanc\u00e9es et \u00e0 notre approche personnalis\u00e9e, nos patients obtiennent des r\u00e9sultats qui changent leur vie. Voyez la diff\u00e9rence que notre expertise peut faire.\n\n<div class=\"wp-block-buttons is-layout-flex wp-block-buttons-is-layout-flex\"><div class=\"wp-block-button\"><a class=\"wp-block-button__link\">Commencez votre voyage<\/a><\/div><\/div>\n\n<div class=\"wp-block-buttons is-layout-flex wp-block-buttons-is-layout-flex\"><\/div>\n\nBEFORE &#038; AFTER\n\n<figure class=\"wp-block-image size-full\"><img loading=\"lazy\" decoding=\"async\" width=\"930\" height=\"930\" src=\"https:\/\/nouvelleclinique.com\/wp-content\/uploads\/2024\/05\/031.webp\" class=\"wp-image-1076\" srcset=\"https:\/\/www.nouvelleclinique.com\/wp-content\/uploads\/2024\/05\/031.webp 930w, https:\/\/www.nouvelleclinique.com\/wp-content\/uploads\/2024\/05\/031-150x150.webp 150w, https:\/\/www.nouvelleclinique.com\/wp-content\/uploads\/2024\/05\/031-1200.webp 1200w, https:\/\/www.nouvelleclinique.com\/wp-content\/uploads\/2024\/05\/031-600.webp 600w, https:\/\/www.nouvelleclinique.com\/wp-content\/uploads\/2024\/05\/031-300.webp 300w\" sizes=\"auto, (max-width: 930px) 100vw, 930px\" \/><\/figure>\n\nAvant\n\n<figure class=\"wp-block-image size-full\"><img loading=\"lazy\" decoding=\"async\" width=\"930\" height=\"930\" src=\"https:\/\/nouvelleclinique.com\/wp-content\/uploads\/2024\/05\/032.webp\" class=\"wp-image-1077\" srcset=\"https:\/\/www.nouvelleclinique.com\/wp-content\/uploads\/2024\/05\/032.webp 930w, https:\/\/www.nouvelleclinique.com\/wp-content\/uploads\/2024\/05\/032-150x150.webp 150w, https:\/\/www.nouvelleclinique.com\/wp-content\/uploads\/2024\/05\/032-1200.webp 1200w, https:\/\/www.nouvelleclinique.com\/wp-content\/uploads\/2024\/05\/032-600.webp 600w, https:\/\/www.nouvelleclinique.com\/wp-content\/uploads\/2024\/05\/032-300.webp 300w\" sizes=\"auto, (max-width: 930px) 100vw, 930px\" \/><\/figure>\n\nApr\u00e8s\n\n<figure class=\"wp-block-image size-full\"><img loading=\"lazy\" decoding=\"async\" width=\"930\" height=\"930\" src=\"https:\/\/nouvelleclinique.com\/wp-content\/uploads\/2024\/05\/061.webp\" class=\"wp-image-1082\" srcset=\"https:\/\/www.nouvelleclinique.com\/wp-content\/uploads\/2024\/05\/061.webp 930w, https:\/\/www.nouvelleclinique.com\/wp-content\/uploads\/2024\/05\/061-150x150.webp 150w, https:\/\/www.nouvelleclinique.com\/wp-content\/uploads\/2024\/05\/061-1200.webp 1200w, https:\/\/www.nouvelleclinique.com\/wp-content\/uploads\/2024\/05\/061-600.webp 600w, https:\/\/www.nouvelleclinique.com\/wp-content\/uploads\/2024\/05\/061-300.webp 300w\" sizes=\"auto, (max-width: 930px) 100vw, 930px\" \/><\/figure>\n\nAvant\n\n<figure class=\"wp-block-image size-full\"><img loading=\"lazy\" decoding=\"async\" width=\"930\" height=\"930\" src=\"https:\/\/nouvelleclinique.com\/wp-content\/uploads\/2024\/05\/062.webp\" class=\"wp-image-1083\" srcset=\"https:\/\/www.nouvelleclinique.com\/wp-content\/uploads\/2024\/05\/062.webp 930w, https:\/\/www.nouvelleclinique.com\/wp-content\/uploads\/2024\/05\/062-150x150.webp 150w, https:\/\/www.nouvelleclinique.com\/wp-content\/uploads\/2024\/05\/062-1200.webp 1200w, https:\/\/www.nouvelleclinique.com\/wp-content\/uploads\/2024\/05\/062-600.webp 600w, https:\/\/www.nouvelleclinique.com\/wp-content\/uploads\/2024\/05\/062-300.webp 300w\" sizes=\"auto, (max-width: 930px) 100vw, 930px\" \/><\/figure>\n\nApr\u00e8s\n\n<h2 class=\"wp-block-heading\">Questions fr\u00e9quemment pos\u00e9es<\/h2>\n\nWe&#8217;ve compiled answers to the most common questions about our hair transplant procedures and services.\n\n<h3 class=\"wp-block-heading\">{post_title}<\/h3>\n\n<p>(post_content)<\/p>\n\n\n\nStill have questions? We&#8217;re here to help.\n\nRruga Mine Peza 3,\nNj\u00ebsia Bashkiake 10\n1016\n\n+355 69 280 9626\n\ninfo@nouvelleclinique.com\n\n<h2 class=\"wp-block-heading\">Planifier une consultation<\/h2>\n\nFaites le premier pas pour retrouver votre confiance en vous. Prenez rendez-vous avec nos sp\u00e9cialistes pour discuter de vos options de restauration capillaire.\n\n<h3 class=\"wp-block-heading\">Informations sur le contact<\/h3>\n\n<h3 class=\"wp-block-heading\">Prendre rendez-vous<\/h3>\n\n\n\n\n\n<h3 class=\"wp-block-heading\">Pourquoi choisir une consultation ?<\/h3>\n\nNotre processus de consultation est con\u00e7u pour vous fournir des recommandations personnalis\u00e9es en mati\u00e8re de restauration capillaire, en fonction de votre situation unique. Nos sp\u00e9cialistes :\n\n<h4 class=\"wp-block-heading\">\u00c9valuez votre sch\u00e9ma de perte de cheveux<\/h4>\n\n\u00c9valuer votre \u00e9tat sp\u00e9cifique et d\u00e9terminer la meilleure approche pour des r\u00e9sultats d'apparence naturelle.\n\n<h4 class=\"wp-block-heading\">Fournir une estimation des co\u00fbts<\/h4>\n\nVous donner une ventilation transparente des co\u00fbts li\u00e9s \u00e0 nos services de restauration capillaire de qualit\u00e9 sup\u00e9rieure.\n\n<h4 class=\"wp-block-heading\">Expliquer les options de traitement<\/h4>\n\nDiscuter de la FUE, de la DHI et d'autres techniques avanc\u00e9es de greffe de cheveux adapt\u00e9es \u00e0 votre cas.\n\n<figure class=\"wp-block-video\"><video height=\"1280\" style=\"aspect-ratio: 720 \/ 1280;\" width=\"720\" autoplay controls loop muted src=\"https:\/\/www.nouvelleclinique.com\/wp-content\/uploads\/2025-05-07-11.32.10.mp4\"><\/video><\/figure>\n\n<figure class=\"wp-block-image size-custom-600\"><img decoding=\"async\" src=\"https:\/\/www.nouvelleclinique.com\/wp-content\/uploads\/2023\/09\/our-approach-2.jpg-600.webp\" class=\"wp-image-398\" srcset=\"https:\/\/www.nouvelleclinique.com\/wp-content\/uploads\/2023\/09\/our-approach-2.jpg-600.webp 600w, https:\/\/www.nouvelleclinique.com\/wp-content\/uploads\/2023\/09\/our-approach-2.jpg-1200.webp 1200w, https:\/\/www.nouvelleclinique.com\/wp-content\/uploads\/2023\/09\/our-approach-2.jpg-300.webp 300w, https:\/\/www.nouvelleclinique.com\/wp-content\/uploads\/2023\/09\/our-approach-2.jpg-150x150.webp 150w\" sizes=\"(max-width: 600px) 100vw, 600px\" \/><\/figure>","protected":false},"excerpt":{"rendered":"<p>Best Hair Transplant Clinic in Albania for Men &#038; Women Discover a life-changing approach to hair restoration with our state-of-the-art techniques, experienced specialists, and personalized care. Regain your confidence with natural-looking results. Expert Team Specialists with international training About Us At Nouvelle Clinique, we are dedicated to providing the highest quality hair restoration treatments customized [&hellip;]<\/p>\n","protected":false},"author":1,"featured_media":0,"parent":0,"menu_order":0,"comment_status":"closed","ping_status":"closed","template":"","meta":{"_acf_changed":false,"two_page_speed":[],"footnotes":""},"class_list":["post-2","page","type-page","status-publish","hentry"],"acf":[],"yoast_head":"<!-- This site is optimized with the Yoast SEO plugin v26.9 - https:\/\/yoast.com\/product\/yoast-seo-wordpress\/ -->\n<title>Best hair transplant clinic in Albania for natural results<\/title>\n<meta name=\"description\" content=\"The best hair transplant clinic in Albania with advanced techniques and guaranteed results. Trust our experts and book your appointment now!\" \/>\n<meta name=\"robots\" content=\"index, follow, max-snippet:-1, max-image-preview:large, max-video-preview:-1\" \/>\n<link rel=\"canonical\" href=\"https:\/\/www.nouvelleclinique.com\/fr\/\" \/>\n<meta property=\"og:locale\" content=\"fr_FR\" \/>\n<meta property=\"og:type\" content=\"article\" \/>\n<meta property=\"og:title\" content=\"Best hair transplant clinic in Albania for natural results\" \/>\n<meta property=\"og:description\" content=\"The best hair transplant clinic in Albania with advanced techniques and guaranteed results. Trust our experts and book your appointment now!\" \/>\n<meta property=\"og:url\" content=\"https:\/\/www.nouvelleclinique.com\/fr\/\" \/>\n<meta property=\"og:site_name\" content=\"Nouvelle Clinique\" \/>\n<meta property=\"article:modified_time\" content=\"2026-03-11T06:45:09+00:00\" \/>\n<meta property=\"og:image\" content=\"https:\/\/www.nouvelleclinique.com\/wp-content\/uploads\/Man-in-Gray-T-Shirt-Smiling.webp\" \/>\n\t<meta property=\"og:image:width\" content=\"1920\" \/>\n\t<meta property=\"og:image:height\" content=\"1280\" \/>\n\t<meta property=\"og:image:type\" content=\"image\/webp\" \/>\n<meta name=\"twitter:card\" content=\"summary_large_image\" \/>\n<meta name=\"twitter:label1\" content=\"Dur\u00e9e de lecture estim\u00e9e\" \/>\n\t<meta name=\"twitter:data1\" content=\"7 minutes\" \/>\n<script type=\"application\/ld+json\" class=\"yoast-schema-graph\">{\"@context\":\"https:\/\/schema.org\",\"@graph\":[{\"@type\":\"WebPage\",\"@id\":\"https:\/\/www.nouvelleclinique.com\/\",\"url\":\"https:\/\/www.nouvelleclinique.com\/\",\"name\":\"Best hair transplant clinic in Albania for natural results\",\"isPartOf\":{\"@id\":\"https:\/\/www.nouvelleclinique.com\/#website\"},\"primaryImageOfPage\":{\"@id\":\"https:\/\/www.nouvelleclinique.com\/#primaryimage\"},\"image\":{\"@id\":\"https:\/\/www.nouvelleclinique.com\/#primaryimage\"},\"thumbnailUrl\":\"https:\/\/nouvelleclinique.com\/wp-content\/uploads\/Man-in-Gray-T-Shirt-Smiling.webp\",\"datePublished\":\"2023-09-12T09:17:39+00:00\",\"dateModified\":\"2026-03-11T06:45:09+00:00\",\"description\":\"The best hair transplant clinic in Albania with advanced techniques and guaranteed results. Trust our experts and book your appointment now!\",\"breadcrumb\":{\"@id\":\"https:\/\/www.nouvelleclinique.com\/#breadcrumb\"},\"inLanguage\":\"fr-FR\",\"potentialAction\":[{\"@type\":\"ReadAction\",\"target\":[\"https:\/\/www.nouvelleclinique.com\/\"]}]},{\"@type\":\"ImageObject\",\"inLanguage\":\"fr-FR\",\"@id\":\"https:\/\/www.nouvelleclinique.com\/#primaryimage\",\"url\":\"https:\/\/nouvelleclinique.com\/wp-content\/uploads\/Man-in-Gray-T-Shirt-Smiling.webp\",\"contentUrl\":\"https:\/\/nouvelleclinique.com\/wp-content\/uploads\/Man-in-Gray-T-Shirt-Smiling.webp\"},{\"@type\":\"BreadcrumbList\",\"@id\":\"https:\/\/www.nouvelleclinique.com\/#breadcrumb\",\"itemListElement\":[{\"@type\":\"ListItem\",\"position\":1,\"name\":\"Home\",\"item\":\"https:\/\/www.nouvelleclinique.com\/\"},{\"@type\":\"ListItem\",\"position\":2,\"name\":\"Home\"}]},{\"@type\":\"WebSite\",\"@id\":\"https:\/\/www.nouvelleclinique.com\/#website\",\"url\":\"https:\/\/www.nouvelleclinique.com\/\",\"name\":\"Nouvelle Clinique\",\"description\":\"\",\"potentialAction\":[{\"@type\":\"SearchAction\",\"target\":{\"@type\":\"EntryPoint\",\"urlTemplate\":\"https:\/\/www.nouvelleclinique.com\/?s={search_term_string}\"},\"query-input\":{\"@type\":\"PropertyValueSpecification\",\"valueRequired\":true,\"valueName\":\"search_term_string\"}}],\"inLanguage\":\"fr-FR\"}]}<\/script>\n<!-- \/ Yoast SEO plugin. -->","yoast_head_json":{"title":"La meilleure clinique de greffe de cheveux en Albanie pour des r\u00e9sultats naturels","description":"La meilleure clinique de greffe de cheveux en Albanie avec des techniques avanc\u00e9es et des r\u00e9sultats garantis. Faites confiance \u00e0 nos experts et prenez rendez-vous d\u00e8s maintenant !","robots":{"index":"index","follow":"follow","max-snippet":"max-snippet:-1","max-image-preview":"max-image-preview:large","max-video-preview":"max-video-preview:-1"},"canonical":"https:\/\/www.nouvelleclinique.com\/fr\/","og_locale":"fr_FR","og_type":"article","og_title":"Best hair transplant clinic in Albania for natural results","og_description":"The best hair transplant clinic in Albania with advanced techniques and guaranteed results. Trust our experts and book your appointment now!","og_url":"https:\/\/www.nouvelleclinique.com\/fr\/","og_site_name":"Nouvelle Clinique","article_modified_time":"2026-03-11T06:45:09+00:00","og_image":[{"width":1920,"height":1280,"url":"https:\/\/www.nouvelleclinique.com\/wp-content\/uploads\/Man-in-Gray-T-Shirt-Smiling.webp","type":"image\/webp"}],"twitter_card":"summary_large_image","twitter_misc":{"Dur\u00e9e de lecture estim\u00e9e":"7 minutes"},"schema":{"@context":"https:\/\/schema.org","@graph":[{"@type":"WebPage","@id":"https:\/\/www.nouvelleclinique.com\/","url":"https:\/\/www.nouvelleclinique.com\/","name":"La meilleure clinique de greffe de cheveux en Albanie pour des r\u00e9sultats naturels","isPartOf":{"@id":"https:\/\/www.nouvelleclinique.com\/#website"},"primaryImageOfPage":{"@id":"https:\/\/www.nouvelleclinique.com\/#primaryimage"},"image":{"@id":"https:\/\/www.nouvelleclinique.com\/#primaryimage"},"thumbnailUrl":"https:\/\/nouvelleclinique.com\/wp-content\/uploads\/Man-in-Gray-T-Shirt-Smiling.webp","datePublished":"2023-09-12T09:17:39+00:00","dateModified":"2026-03-11T06:45:09+00:00","description":"La meilleure clinique de greffe de cheveux en Albanie avec des techniques avanc\u00e9es et des r\u00e9sultats garantis. Faites confiance \u00e0 nos experts et prenez rendez-vous d\u00e8s maintenant !","breadcrumb":{"@id":"https:\/\/www.nouvelleclinique.com\/#breadcrumb"},"inLanguage":"fr-FR","potentialAction":[{"@type":"ReadAction","target":["https:\/\/www.nouvelleclinique.com\/"]}]},{"@type":"ImageObject","inLanguage":"fr-FR","@id":"https:\/\/www.nouvelleclinique.com\/#primaryimage","url":"https:\/\/nouvelleclinique.com\/wp-content\/uploads\/Man-in-Gray-T-Shirt-Smiling.webp","contentUrl":"https:\/\/nouvelleclinique.com\/wp-content\/uploads\/Man-in-Gray-T-Shirt-Smiling.webp"},{"@type":"BreadcrumbList","@id":"https:\/\/www.nouvelleclinique.com\/#breadcrumb","itemListElement":[{"@type":"ListItem","position":1,"name":"Home","item":"https:\/\/www.nouvelleclinique.com\/"},{"@type":"ListItem","position":2,"name":"Home"}]},{"@type":"WebSite","@id":"https:\/\/www.nouvelleclinique.com\/#website","url":"https:\/\/www.nouvelleclinique.com\/","name":"Nouvelle Clinique","description":"","potentialAction":[{"@type":"SearchAction","target":{"@type":"EntryPoint","urlTemplate":"https:\/\/www.nouvelleclinique.com\/?s={search_term_string}"},"query-input":{"@type":"PropertyValueSpecification","valueRequired":true,"valueName":"search_term_string"}}],"inLanguage":"fr-FR"}]}},"_links":{"self":[{"href":"https:\/\/www.nouvelleclinique.com\/fr\/wp-json\/wp\/v2\/pages\/2","targetHints":{"allow":["GET"]}}],"collection":[{"href":"https:\/\/www.nouvelleclinique.com\/fr\/wp-json\/wp\/v2\/pages"}],"about":[{"href":"https:\/\/www.nouvelleclinique.com\/fr\/wp-json\/wp\/v2\/types\/page"}],"author":[{"embeddable":true,"href":"https:\/\/www.nouvelleclinique.com\/fr\/wp-json\/wp\/v2\/users\/1"}],"replies":[{"embeddable":true,"href":"https:\/\/www.nouvelleclinique.com\/fr\/wp-json\/wp\/v2\/comments?post=2"}],"version-history":[{"count":100,"href":"https:\/\/www.nouvelleclinique.com\/fr\/wp-json\/wp\/v2\/pages\/2\/revisions"}],"predecessor-version":[{"id":2582,"href":"https:\/\/www.nouvelleclinique.com\/fr\/wp-json\/wp\/v2\/pages\/2\/revisions\/2582"}],"wp:attachment":[{"href":"https:\/\/www.nouvelleclinique.com\/fr\/wp-json\/wp\/v2\/media?parent=2"}],"curies":[{"name":"wp","href":"https:\/\/api.w.org\/{rel}","templated":true}]}}