{"id":12,"date":"2023-09-12T09:46:13","date_gmt":"2023-09-12T09:46:13","guid":{"rendered":"https:\/\/nouvelle-clinique.test\/?page_id=12"},"modified":"2025-06-30T14:16:34","modified_gmt":"2025-06-30T14:16:34","slug":"resultats","status":"publish","type":"page","link":"https:\/\/www.nouvelleclinique.com\/fr\/resultats\/","title":{"rendered":"R\u00e9sultats"},"content":{"rendered":"","protected":false},"excerpt":{"rendered":"","protected":false},"author":1,"featured_media":0,"parent":0,"menu_order":0,"comment_status":"closed","ping_status":"closed","template":"","meta":{"_acf_changed":false,"two_page_speed":[],"footnotes":""},"class_list":["post-12","page","type-page","status-publish","hentry"],"acf":[],"yoast_head":"<!-- This site is optimized with the Yoast SEO plugin v26.9 - https:\/\/yoast.com\/product\/yoast-seo-wordpress\/ -->\n<title>Hair Transplant Images Before and After Results<\/title>\n<meta name=\"description\" content=\"Hair transplant images before and after that reveal real results\u2014see the transformation for yourself and book your consultation today!\" \/>\n<meta name=\"robots\" content=\"index, follow, max-snippet:-1, max-image-preview:large, max-video-preview:-1\" \/>\n<link rel=\"canonical\" href=\"https:\/\/www.nouvelleclinique.com\/fr\/resultats\/\" \/>\n<meta property=\"og:locale\" content=\"fr_FR\" \/>\n<meta property=\"og:type\" content=\"article\" \/>\n<meta property=\"og:title\" content=\"Hair Transplant Images Before and After Results\" \/>\n<meta property=\"og:description\" content=\"Hair transplant images before and after that reveal real results\u2014see the transformation for yourself and book your consultation today!\" \/>\n<meta property=\"og:url\" content=\"https:\/\/www.nouvelleclinique.com\/fr\/resultats\/\" \/>\n<meta property=\"og:site_name\" content=\"Nouvelle Clinique\" \/>\n<meta property=\"article:modified_time\" content=\"2025-06-30T14:16:34+00:00\" \/>\n<meta name=\"twitter:card\" content=\"summary_large_image\" \/>\n<meta name=\"twitter:label1\" content=\"Dur\u00e9e de lecture estim\u00e9e\" \/>\n\t<meta name=\"twitter:data1\" content=\"7 minutes\" \/>\n<script type=\"application\/ld+json\" class=\"yoast-schema-graph\">{\"@context\":\"https:\/\/schema.org\",\"@graph\":[{\"@type\":\"WebPage\",\"@id\":\"https:\/\/www.nouvelleclinique.com\/results\/\",\"url\":\"https:\/\/www.nouvelleclinique.com\/results\/\",\"name\":\"Hair Transplant Images Before and After Results\",\"isPartOf\":{\"@id\":\"https:\/\/www.nouvelleclinique.com\/#website\"},\"datePublished\":\"2023-09-12T09:46:13+00:00\",\"dateModified\":\"2025-06-30T14:16:34+00:00\",\"description\":\"Hair transplant images before and after that reveal real results\u2014see the transformation for yourself and book your consultation today!\",\"breadcrumb\":{\"@id\":\"https:\/\/www.nouvelleclinique.com\/results\/#breadcrumb\"},\"inLanguage\":\"fr-FR\",\"potentialAction\":[{\"@type\":\"ReadAction\",\"target\":[\"https:\/\/www.nouvelleclinique.com\/results\/\"]}]},{\"@type\":\"BreadcrumbList\",\"@id\":\"https:\/\/www.nouvelleclinique.com\/results\/#breadcrumb\",\"itemListElement\":[{\"@type\":\"ListItem\",\"position\":1,\"name\":\"Home\",\"item\":\"https:\/\/www.nouvelleclinique.com\/\"},{\"@type\":\"ListItem\",\"position\":2,\"name\":\"Results\"}]},{\"@type\":\"WebSite\",\"@id\":\"https:\/\/www.nouvelleclinique.com\/#website\",\"url\":\"https:\/\/www.nouvelleclinique.com\/\",\"name\":\"Nouvelle Clinique\",\"description\":\"\",\"potentialAction\":[{\"@type\":\"SearchAction\",\"target\":{\"@type\":\"EntryPoint\",\"urlTemplate\":\"https:\/\/www.nouvelleclinique.com\/?s={search_term_string}\"},\"query-input\":{\"@type\":\"PropertyValueSpecification\",\"valueRequired\":true,\"valueName\":\"search_term_string\"}}],\"inLanguage\":\"fr-FR\"}]}<\/script>\n<!-- \/ Yoast SEO plugin. -->","yoast_head_json":{"title":"Images de greffes de cheveux avant et apr\u00e8s les r\u00e9sultats","description":"Des images de greffes de cheveux avant et apr\u00e8s qui r\u00e9v\u00e8lent des r\u00e9sultats r\u00e9els - voyez la transformation pour vous-m\u00eame et r\u00e9servez votre consultation d\u00e8s aujourd'hui !","robots":{"index":"index","follow":"follow","max-snippet":"max-snippet:-1","max-image-preview":"max-image-preview:large","max-video-preview":"max-video-preview:-1"},"canonical":"https:\/\/www.nouvelleclinique.com\/fr\/resultats\/","og_locale":"fr_FR","og_type":"article","og_title":"Hair Transplant Images Before and After Results","og_description":"Hair transplant images before and after that reveal real results\u2014see the transformation for yourself and book your consultation today!","og_url":"https:\/\/www.nouvelleclinique.com\/fr\/resultats\/","og_site_name":"Nouvelle Clinique","article_modified_time":"2025-06-30T14:16:34+00:00","twitter_card":"summary_large_image","twitter_misc":{"Dur\u00e9e de lecture estim\u00e9e":"7 minutes"},"schema":{"@context":"https:\/\/schema.org","@graph":[{"@type":"WebPage","@id":"https:\/\/www.nouvelleclinique.com\/results\/","url":"https:\/\/www.nouvelleclinique.com\/results\/","name":"Images de greffes de cheveux avant et apr\u00e8s les r\u00e9sultats","isPartOf":{"@id":"https:\/\/www.nouvelleclinique.com\/#website"},"datePublished":"2023-09-12T09:46:13+00:00","dateModified":"2025-06-30T14:16:34+00:00","description":"Des images de greffes de cheveux avant et apr\u00e8s qui r\u00e9v\u00e8lent des r\u00e9sultats r\u00e9els - voyez la transformation pour vous-m\u00eame et r\u00e9servez votre consultation d\u00e8s aujourd'hui !","breadcrumb":{"@id":"https:\/\/www.nouvelleclinique.com\/results\/#breadcrumb"},"inLanguage":"fr-FR","potentialAction":[{"@type":"ReadAction","target":["https:\/\/www.nouvelleclinique.com\/results\/"]}]},{"@type":"BreadcrumbList","@id":"https:\/\/www.nouvelleclinique.com\/results\/#breadcrumb","itemListElement":[{"@type":"ListItem","position":1,"name":"Home","item":"https:\/\/www.nouvelleclinique.com\/"},{"@type":"ListItem","position":2,"name":"Results"}]},{"@type":"WebSite","@id":"https:\/\/www.nouvelleclinique.com\/#website","url":"https:\/\/www.nouvelleclinique.com\/","name":"Nouvelle Clinique","description":"","potentialAction":[{"@type":"SearchAction","target":{"@type":"EntryPoint","urlTemplate":"https:\/\/www.nouvelleclinique.com\/?s={search_term_string}"},"query-input":{"@type":"PropertyValueSpecification","valueRequired":true,"valueName":"search_term_string"}}],"inLanguage":"fr-FR"}]}},"_links":{"self":[{"href":"https:\/\/www.nouvelleclinique.com\/fr\/wp-json\/wp\/v2\/pages\/12","targetHints":{"allow":["GET"]}}],"collection":[{"href":"https:\/\/www.nouvelleclinique.com\/fr\/wp-json\/wp\/v2\/pages"}],"about":[{"href":"https:\/\/www.nouvelleclinique.com\/fr\/wp-json\/wp\/v2\/types\/page"}],"author":[{"embeddable":true,"href":"https:\/\/www.nouvelleclinique.com\/fr\/wp-json\/wp\/v2\/users\/1"}],"replies":[{"embeddable":true,"href":"https:\/\/www.nouvelleclinique.com\/fr\/wp-json\/wp\/v2\/comments?post=12"}],"version-history":[{"count":30,"href":"https:\/\/www.nouvelleclinique.com\/fr\/wp-json\/wp\/v2\/pages\/12\/revisions"}],"predecessor-version":[{"id":2099,"href":"https:\/\/www.nouvelleclinique.com\/fr\/wp-json\/wp\/v2\/pages\/12\/revisions\/2099"}],"wp:attachment":[{"href":"https:\/\/www.nouvelleclinique.com\/fr\/wp-json\/wp\/v2\/media?parent=12"}],"curies":[{"name":"wp","href":"https:\/\/api.w.org\/{rel}","templated":true}]}}